{"id":1096,"date":"2022-01-24T11:19:40","date_gmt":"2022-01-24T10:19:40","guid":{"rendered":"https:\/\/www.alpintec.com\/montaggio-impianti-a-fune\/"},"modified":"2022-08-17T12:32:05","modified_gmt":"2022-08-17T10:32:05","slug":"montaggio-impianti-a-fune","status":"publish","type":"page","link":"https:\/\/www.alpintec.com\/it\/montaggio-impianti-a-fune\/","title":{"rendered":"Montaggio impianti a fune"},"content":{"rendered":"\t\t<div data-elementor-type=\"wp-page\" data-elementor-id=\"1096\" class=\"elementor elementor-1096\">\n\t\t\t\t\t\t<section class=\"elementor-section elementor-top-section elementor-element elementor-element-284af6ad elementor-section-boxed elementor-section-height-default elementor-section-height-default\" data-id=\"284af6ad\" data-element_type=\"section\" data-settings=\"{&quot;jet_parallax_layout_list&quot;:[{&quot;jet_parallax_layout_image&quot;:{&quot;url&quot;:&quot;&quot;,&quot;id&quot;:&quot;&quot;,&quot;size&quot;:&quot;&quot;},&quot;_id&quot;:&quot;b154484&quot;,&quot;jet_parallax_layout_image_tablet&quot;:{&quot;url&quot;:&quot;&quot;,&quot;id&quot;:&quot;&quot;,&quot;size&quot;:&quot;&quot;},&quot;jet_parallax_layout_image_mobile&quot;:{&quot;url&quot;:&quot;&quot;,&quot;id&quot;:&quot;&quot;,&quot;size&quot;:&quot;&quot;},&quot;jet_parallax_layout_speed&quot;:{&quot;unit&quot;:&quot;%&quot;,&quot;size&quot;:50,&quot;sizes&quot;:[]},&quot;jet_parallax_layout_type&quot;:&quot;scroll&quot;,&quot;jet_parallax_layout_direction&quot;:null,&quot;jet_parallax_layout_fx_direction&quot;:null,&quot;jet_parallax_layout_z_index&quot;:&quot;&quot;,&quot;jet_parallax_layout_bg_x&quot;:50,&quot;jet_parallax_layout_bg_x_tablet&quot;:&quot;&quot;,&quot;jet_parallax_layout_bg_x_mobile&quot;:&quot;&quot;,&quot;jet_parallax_layout_bg_y&quot;:50,&quot;jet_parallax_layout_bg_y_tablet&quot;:&quot;&quot;,&quot;jet_parallax_layout_bg_y_mobile&quot;:&quot;&quot;,&quot;jet_parallax_layout_bg_size&quot;:&quot;auto&quot;,&quot;jet_parallax_layout_bg_size_tablet&quot;:&quot;&quot;,&quot;jet_parallax_layout_bg_size_mobile&quot;:&quot;&quot;,&quot;jet_parallax_layout_animation_prop&quot;:&quot;transform&quot;,&quot;jet_parallax_layout_on&quot;:[&quot;desktop&quot;,&quot;tablet&quot;]}],&quot;background_background&quot;:&quot;classic&quot;}\">\n\t\t\t\t\t\t\t<div class=\"elementor-background-overlay\"><\/div>\n\t\t\t\t\t\t\t<div class=\"elementor-container elementor-column-gap-no\">\n\t\t\t\t\t<div class=\"elementor-column elementor-col-100 elementor-top-column elementor-element elementor-element-5cbebac3\" data-id=\"5cbebac3\" data-element_type=\"column\">\n\t\t\t<div class=\"elementor-widget-wrap elementor-element-populated\">\n\t\t\t\t\t\t<div class=\"elementor-element elementor-element-4733f4a elementor-widget elementor-widget-heading\" data-id=\"4733f4a\" data-element_type=\"widget\" data-widget_type=\"heading.default\">\n\t\t\t\t<div class=\"elementor-widget-container\">\n\t\t\t<style>\/*! elementor - v3.23.0 - 05-08-2024 *\/\n.elementor-heading-title{padding:0;margin:0;line-height:1}.elementor-widget-heading .elementor-heading-title[class*=elementor-size-]>a{color:inherit;font-size:inherit;line-height:inherit}.elementor-widget-heading .elementor-heading-title.elementor-size-small{font-size:15px}.elementor-widget-heading .elementor-heading-title.elementor-size-medium{font-size:19px}.elementor-widget-heading .elementor-heading-title.elementor-size-large{font-size:29px}.elementor-widget-heading .elementor-heading-title.elementor-size-xl{font-size:39px}.elementor-widget-heading .elementor-heading-title.elementor-size-xxl{font-size:59px}<\/style><h1 class=\"elementor-heading-title elementor-size-default\">Attivit\u00e0<\/h1>\t\t<\/div>\n\t\t\t\t<\/div>\n\t\t\t\t\t<\/div>\n\t\t<\/div>\n\t\t\t\t\t<\/div>\n\t\t<\/section>\n\t\t\t\t<section class=\"elementor-section elementor-top-section elementor-element elementor-element-93ebd7a elementor-section-boxed elementor-section-height-default elementor-section-height-default\" data-id=\"93ebd7a\" data-element_type=\"section\" data-settings=\"{&quot;jet_parallax_layout_list&quot;:[{&quot;jet_parallax_layout_image&quot;:{&quot;url&quot;:&quot;&quot;,&quot;id&quot;:&quot;&quot;,&quot;size&quot;:&quot;&quot;},&quot;_id&quot;:&quot;00a16a0&quot;,&quot;jet_parallax_layout_image_tablet&quot;:{&quot;url&quot;:&quot;&quot;,&quot;id&quot;:&quot;&quot;,&quot;size&quot;:&quot;&quot;},&quot;jet_parallax_layout_image_mobile&quot;:{&quot;url&quot;:&quot;&quot;,&quot;id&quot;:&quot;&quot;,&quot;size&quot;:&quot;&quot;},&quot;jet_parallax_layout_speed&quot;:{&quot;unit&quot;:&quot;%&quot;,&quot;size&quot;:50,&quot;sizes&quot;:[]},&quot;jet_parallax_layout_type&quot;:&quot;scroll&quot;,&quot;jet_parallax_layout_direction&quot;:null,&quot;jet_parallax_layout_fx_direction&quot;:null,&quot;jet_parallax_layout_z_index&quot;:&quot;&quot;,&quot;jet_parallax_layout_bg_x&quot;:50,&quot;jet_parallax_layout_bg_x_tablet&quot;:&quot;&quot;,&quot;jet_parallax_layout_bg_x_mobile&quot;:&quot;&quot;,&quot;jet_parallax_layout_bg_y&quot;:50,&quot;jet_parallax_layout_bg_y_tablet&quot;:&quot;&quot;,&quot;jet_parallax_layout_bg_y_mobile&quot;:&quot;&quot;,&quot;jet_parallax_layout_bg_size&quot;:&quot;auto&quot;,&quot;jet_parallax_layout_bg_size_tablet&quot;:&quot;&quot;,&quot;jet_parallax_layout_bg_size_mobile&quot;:&quot;&quot;,&quot;jet_parallax_layout_animation_prop&quot;:&quot;transform&quot;,&quot;jet_parallax_layout_on&quot;:[&quot;desktop&quot;,&quot;tablet&quot;]}]}\">\n\t\t\t\t\t\t<div class=\"elementor-container elementor-column-gap-no\">\n\t\t\t\t\t<div class=\"elementor-column elementor-col-100 elementor-top-column elementor-element elementor-element-9b1aa85\" data-id=\"9b1aa85\" data-element_type=\"column\">\n\t\t\t<div class=\"elementor-widget-wrap elementor-element-populated\">\n\t\t\t\t\t\t<div class=\"elementor-element elementor-element-9c14848 elementor-widget elementor-widget-heading\" data-id=\"9c14848\" data-element_type=\"widget\" data-widget_type=\"heading.default\">\n\t\t\t\t<div class=\"elementor-widget-container\">\n\t\t\t<h2 class=\"elementor-heading-title elementor-size-default\">Montaggio di impianti a fune<\/h2>\t\t<\/div>\n\t\t\t\t<\/div>\n\t\t\t\t<div class=\"elementor-element elementor-element-3787f70 elementor-widget elementor-widget-text-editor\" data-id=\"3787f70\" data-element_type=\"widget\" data-widget_type=\"text-editor.default\">\n\t\t\t\t<div class=\"elementor-widget-container\">\n\t\t\t<style>\/*! elementor - v3.23.0 - 05-08-2024 *\/\n.elementor-widget-text-editor.elementor-drop-cap-view-stacked .elementor-drop-cap{background-color:#69727d;color:#fff}.elementor-widget-text-editor.elementor-drop-cap-view-framed .elementor-drop-cap{color:#69727d;border:3px solid;background-color:transparent}.elementor-widget-text-editor:not(.elementor-drop-cap-view-default) .elementor-drop-cap{margin-top:8px}.elementor-widget-text-editor:not(.elementor-drop-cap-view-default) .elementor-drop-cap-letter{width:1em;height:1em}.elementor-widget-text-editor .elementor-drop-cap{float:left;text-align:center;line-height:1;font-size:50px}.elementor-widget-text-editor .elementor-drop-cap-letter{display:inline-block}<\/style>\t\t\t\t<p>La costruzione di un impianto a fune rappresenta una grande sfida \u2013 per il committente, per il costruttore nonch\u00e9 per la ditta responsabile del montaggio. Oggi si richiede soprattutto celerit\u00e0: in brevissimo tempo bisogna eseguire la movimentazione terra, gettare le fondamenta, costruire le strutture di carpenteria e tirare le funi. Per realizzare questo obiettivo sono necessarie un\u2019estrema meticolosit\u00e0 nella progettazione e grandi abilit\u00e0 logistiche.<\/p><p>Forniamo il progetto chiavi in mano \u2013 dal primo sopralluogo alla messa in funzione dell\u2019impianto. Si tratta spesso di una sorta di equilibrismo: i lavori devono essere eseguiti su terreni estremi con condizioni meteorologiche avverse. Fortunatamente possiamo contare sul nostro parco macchine e apparecchiature speciali di nostra costruzione. In caso di necessit\u00e0 il supporto per i montatori arriva direttamente dal cielo \u2013 con l\u2019ausilio di elicotteri da trasporto pesante i sostegni vengono montati velocemente e con precisione.<\/p>\t\t\t\t\t\t<\/div>\n\t\t\t\t<\/div>\n\t\t\t\t<div class=\"elementor-element elementor-element-0c4ceee elementor-widget elementor-widget-raven-image\" data-id=\"0c4ceee\" data-element_type=\"widget\" data-widget_type=\"raven-image.default\">\n\t\t\t\t<div class=\"elementor-widget-container\">\n\t\t\t\t\t<div class=\"raven-image\">\n\t\t\n\t\t\n\t\t<img fetchpriority=\"high\" decoding=\"async\" width=\"554\" height=\"300\" src=\"https:\/\/www.alpintec.com\/wp-content\/uploads\/alpintec-seilbahnen-wartung-funivie-manutenzione-montage1.jpeg\" class=\"attachment-full size-full wp-image-961\" alt=\"Alpintec Montaggio manutenzione impianti a fune teleferiche per materiale San Pancrazio Alto Adige\" srcset=\"https:\/\/www.alpintec.com\/wp-content\/uploads\/alpintec-seilbahnen-wartung-funivie-manutenzione-montage1.jpeg 554w, https:\/\/www.alpintec.com\/wp-content\/uploads\/alpintec-seilbahnen-wartung-funivie-manutenzione-montage1-150x81.jpeg 150w\" sizes=\"(max-width: 554px) 100vw, 554px\" \/>\t\t<\/div>\n\t\t\t\t<\/div>\n\t\t\t\t<\/div>\n\t\t\t\t<div class=\"elementor-element elementor-element-8a2465a elementor-widget elementor-widget-text-editor\" data-id=\"8a2465a\" data-element_type=\"widget\" data-widget_type=\"text-editor.default\">\n\t\t\t\t<div class=\"elementor-widget-container\">\n\t\t\t\t\t\t\t<p>Durante i nostri 40 anni di storia abbiamo installato oltre 100 nuovi impianti in tutto il mondo. Dallo skilift alla funivia Funifor, il nostro repertorio di montaggio \u00e8 di ampio respiro. I nostri clienti hanno sempre potuto contare sulla puntualit\u00e0 nella consegna, la precisione dei dettagli e la qualit\u00e0.<\/p>\t\t\t\t\t\t<\/div>\n\t\t\t\t<\/div>\n\t\t\t\t\t<\/div>\n\t\t<\/div>\n\t\t\t\t\t<\/div>\n\t\t<\/section>\n\t\t\t\t<section class=\"elementor-section elementor-top-section elementor-element elementor-element-5878096 elementor-section-boxed elementor-section-height-default elementor-section-height-default\" data-id=\"5878096\" data-element_type=\"section\" data-settings=\"{&quot;jet_parallax_layout_list&quot;:[{&quot;jet_parallax_layout_image&quot;:{&quot;url&quot;:&quot;&quot;,&quot;id&quot;:&quot;&quot;,&quot;size&quot;:&quot;&quot;},&quot;_id&quot;:&quot;9bac812&quot;,&quot;jet_parallax_layout_image_tablet&quot;:{&quot;url&quot;:&quot;&quot;,&quot;id&quot;:&quot;&quot;,&quot;size&quot;:&quot;&quot;},&quot;jet_parallax_layout_image_mobile&quot;:{&quot;url&quot;:&quot;&quot;,&quot;id&quot;:&quot;&quot;,&quot;size&quot;:&quot;&quot;},&quot;jet_parallax_layout_speed&quot;:{&quot;unit&quot;:&quot;%&quot;,&quot;size&quot;:50,&quot;sizes&quot;:[]},&quot;jet_parallax_layout_type&quot;:&quot;scroll&quot;,&quot;jet_parallax_layout_direction&quot;:null,&quot;jet_parallax_layout_fx_direction&quot;:null,&quot;jet_parallax_layout_z_index&quot;:&quot;&quot;,&quot;jet_parallax_layout_bg_x&quot;:50,&quot;jet_parallax_layout_bg_x_tablet&quot;:&quot;&quot;,&quot;jet_parallax_layout_bg_x_mobile&quot;:&quot;&quot;,&quot;jet_parallax_layout_bg_y&quot;:50,&quot;jet_parallax_layout_bg_y_tablet&quot;:&quot;&quot;,&quot;jet_parallax_layout_bg_y_mobile&quot;:&quot;&quot;,&quot;jet_parallax_layout_bg_size&quot;:&quot;auto&quot;,&quot;jet_parallax_layout_bg_size_tablet&quot;:&quot;&quot;,&quot;jet_parallax_layout_bg_size_mobile&quot;:&quot;&quot;,&quot;jet_parallax_layout_animation_prop&quot;:&quot;transform&quot;,&quot;jet_parallax_layout_on&quot;:[&quot;desktop&quot;,&quot;tablet&quot;]}]}\">\n\t\t\t\t\t\t<div class=\"elementor-container elementor-column-gap-no\">\n\t\t\t\t\t<div class=\"elementor-column elementor-col-50 elementor-top-column elementor-element elementor-element-b1f32e1\" data-id=\"b1f32e1\" data-element_type=\"column\">\n\t\t\t<div class=\"elementor-widget-wrap elementor-element-populated\">\n\t\t\t\t\t\t<div class=\"elementor-element elementor-element-bf34db3 elementor-widget elementor-widget-raven-image\" data-id=\"bf34db3\" data-element_type=\"widget\" data-widget_type=\"raven-image.default\">\n\t\t\t\t<div class=\"elementor-widget-container\">\n\t\t\t\t\t<div class=\"raven-image\">\n\t\t\n\t\t\n\t\t<img decoding=\"async\" width=\"800\" height=\"534\" src=\"https:\/\/www.alpintec.com\/wp-content\/uploads\/alpintec-seilbahnen-wartung-funivie-manutenzione-montage2.jpeg\" class=\"attachment-full size-full wp-image-964\" alt=\"Alpintec Montaggio manutenzione impianti a fune teleferiche per materiale San Pancrazio Alto Adige\" srcset=\"https:\/\/www.alpintec.com\/wp-content\/uploads\/alpintec-seilbahnen-wartung-funivie-manutenzione-montage2.jpeg 800w, https:\/\/www.alpintec.com\/wp-content\/uploads\/alpintec-seilbahnen-wartung-funivie-manutenzione-montage2-150x100.jpeg 150w, https:\/\/www.alpintec.com\/wp-content\/uploads\/alpintec-seilbahnen-wartung-funivie-manutenzione-montage2-768x513.jpeg 768w\" sizes=\"(max-width: 800px) 100vw, 800px\" \/>\t\t<\/div>\n\t\t\t\t<\/div>\n\t\t\t\t<\/div>\n\t\t\t\t\t<\/div>\n\t\t<\/div>\n\t\t\t\t<div class=\"elementor-column elementor-col-50 elementor-top-column elementor-element elementor-element-b39e7d5\" data-id=\"b39e7d5\" data-element_type=\"column\">\n\t\t\t<div class=\"elementor-widget-wrap elementor-element-populated\">\n\t\t\t\t\t\t<div class=\"elementor-element elementor-element-936aec9 elementor-widget elementor-widget-raven-image\" data-id=\"936aec9\" data-element_type=\"widget\" data-widget_type=\"raven-image.default\">\n\t\t\t\t<div class=\"elementor-widget-container\">\n\t\t\t\t\t<div class=\"raven-image\">\n\t\t\n\t\t\n\t\t<img decoding=\"async\" width=\"800\" height=\"534\" src=\"https:\/\/www.alpintec.com\/wp-content\/uploads\/alpintec-seilbahnen-wartung-funivie-manutenzione-montage3.jpeg\" class=\"attachment-full size-full wp-image-967\" alt=\"Alpintec Montaggio manutenzione impianti a fune teleferiche per materiale San Pancrazio Alto Adige\" srcset=\"https:\/\/www.alpintec.com\/wp-content\/uploads\/alpintec-seilbahnen-wartung-funivie-manutenzione-montage3.jpeg 800w, https:\/\/www.alpintec.com\/wp-content\/uploads\/alpintec-seilbahnen-wartung-funivie-manutenzione-montage3-150x100.jpeg 150w, https:\/\/www.alpintec.com\/wp-content\/uploads\/alpintec-seilbahnen-wartung-funivie-manutenzione-montage3-768x513.jpeg 768w\" sizes=\"(max-width: 800px) 100vw, 800px\" \/>\t\t<\/div>\n\t\t\t\t<\/div>\n\t\t\t\t<\/div>\n\t\t\t\t\t<\/div>\n\t\t<\/div>\n\t\t\t\t\t<\/div>\n\t\t<\/section>\n\t\t\t\t<\/div>\n\t\t","protected":false},"excerpt":{"rendered":"<p>Attivit\u00e0 Montaggio di impianti a fune La costruzione di un impianto a fune rappresenta una grande sfida \u2013 per il committente, per il costruttore nonch\u00e9 per la ditta responsabile del montaggio. Oggi si richiede soprattutto celerit\u00e0: in brevissimo tempo bisogna eseguire la movimentazione terra, gettare le fondamenta, costruire le strutture di carpenteria e tirare le [&hellip;]<\/p>\n","protected":false},"author":1,"featured_media":0,"parent":0,"menu_order":0,"comment_status":"closed","ping_status":"closed","template":"full-width.php","meta":{"_acf_changed":false,"footnotes":""},"class_list":["post-1096","page","type-page","status-publish","hentry"],"acf":[],"yoast_head":"<!-- This site is optimized with the Yoast SEO plugin v23.3 - https:\/\/yoast.com\/wordpress\/plugins\/seo\/ -->\n<title>Montaggio impianti a fune - Alpintec manutenzione impianti a fune<\/title>\n<meta name=\"description\" content=\"La costruzione di un impianto a fune rappresenta una grande sfida \u2013 per il committente, per il costruttore nonch\u00e9 per la ditta responsabile del montaggio.\" \/>\n<meta name=\"robots\" content=\"index, follow, max-snippet:-1, max-image-preview:large, max-video-preview:-1\" \/>\n<link rel=\"canonical\" href=\"https:\/\/www.alpintec.com\/it\/montaggio-impianti-a-fune\/\" \/>\n<meta property=\"og:locale\" content=\"it_IT\" \/>\n<meta property=\"og:type\" content=\"article\" \/>\n<meta property=\"og:title\" content=\"Montaggio impianti a fune - Alpintec manutenzione impianti a fune\" \/>\n<meta property=\"og:description\" content=\"La costruzione di un impianto a fune rappresenta una grande sfida \u2013 per il committente, per il costruttore nonch\u00e9 per la ditta responsabile del montaggio.\" \/>\n<meta property=\"og:url\" content=\"https:\/\/www.alpintec.com\/it\/montaggio-impianti-a-fune\/\" \/>\n<meta property=\"og:site_name\" content=\"Alpintec\" \/>\n<meta property=\"article:modified_time\" content=\"2022-08-17T10:32:05+00:00\" \/>\n<meta property=\"og:image\" content=\"https:\/\/www.alpintec.com\/wp-content\/uploads\/alpintec-seilbahnen-wartung-funivie-manutenzione-montage1.jpeg\" \/>\n<meta name=\"twitter:card\" content=\"summary_large_image\" \/>\n<meta name=\"twitter:label1\" content=\"Tempo di lettura stimato\" \/>\n\t<meta name=\"twitter:data1\" content=\"2 minuti\" \/>\n<script type=\"application\/ld+json\" class=\"yoast-schema-graph\">{\"@context\":\"https:\/\/schema.org\",\"@graph\":[{\"@type\":\"WebPage\",\"@id\":\"https:\/\/www.alpintec.com\/it\/montaggio-impianti-a-fune\/\",\"url\":\"https:\/\/www.alpintec.com\/it\/montaggio-impianti-a-fune\/\",\"name\":\"Montaggio impianti a fune - Alpintec manutenzione impianti a fune\",\"isPartOf\":{\"@id\":\"https:\/\/www.alpintec.com\/#website\"},\"primaryImageOfPage\":{\"@id\":\"https:\/\/www.alpintec.com\/it\/montaggio-impianti-a-fune\/#primaryimage\"},\"image\":{\"@id\":\"https:\/\/www.alpintec.com\/it\/montaggio-impianti-a-fune\/#primaryimage\"},\"thumbnailUrl\":\"https:\/\/www.alpintec.com\/wp-content\/uploads\/alpintec-seilbahnen-wartung-funivie-manutenzione-montage1.jpeg\",\"datePublished\":\"2022-01-24T10:19:40+00:00\",\"dateModified\":\"2022-08-17T10:32:05+00:00\",\"description\":\"La costruzione di un impianto a fune rappresenta una grande sfida \u2013 per il committente, per il costruttore nonch\u00e9 per la ditta responsabile del montaggio.\",\"breadcrumb\":{\"@id\":\"https:\/\/www.alpintec.com\/it\/montaggio-impianti-a-fune\/#breadcrumb\"},\"inLanguage\":\"it-IT\",\"potentialAction\":[{\"@type\":\"ReadAction\",\"target\":[\"https:\/\/www.alpintec.com\/it\/montaggio-impianti-a-fune\/\"]}]},{\"@type\":\"ImageObject\",\"inLanguage\":\"it-IT\",\"@id\":\"https:\/\/www.alpintec.com\/it\/montaggio-impianti-a-fune\/#primaryimage\",\"url\":\"https:\/\/www.alpintec.com\/wp-content\/uploads\/alpintec-seilbahnen-wartung-funivie-manutenzione-montage1.jpeg\",\"contentUrl\":\"https:\/\/www.alpintec.com\/wp-content\/uploads\/alpintec-seilbahnen-wartung-funivie-manutenzione-montage1.jpeg\"},{\"@type\":\"BreadcrumbList\",\"@id\":\"https:\/\/www.alpintec.com\/it\/montaggio-impianti-a-fune\/#breadcrumb\",\"itemListElement\":[{\"@type\":\"ListItem\",\"position\":1,\"name\":\"Startseite\",\"item\":\"https:\/\/www.alpintec.com\/it\/\"},{\"@type\":\"ListItem\",\"position\":2,\"name\":\"Montaggio impianti a fune\"}]},{\"@type\":\"WebSite\",\"@id\":\"https:\/\/www.alpintec.com\/#website\",\"url\":\"https:\/\/www.alpintec.com\/\",\"name\":\"Alpintec\",\"description\":\"Eine weitere WordPress-Website\",\"publisher\":{\"@id\":\"https:\/\/www.alpintec.com\/#organization\"},\"potentialAction\":[{\"@type\":\"SearchAction\",\"target\":{\"@type\":\"EntryPoint\",\"urlTemplate\":\"https:\/\/www.alpintec.com\/?s={search_term_string}\"},\"query-input\":\"required name=search_term_string\"}],\"inLanguage\":\"it-IT\"},{\"@type\":\"Organization\",\"@id\":\"https:\/\/www.alpintec.com\/#organization\",\"name\":\"Alpintec\",\"url\":\"https:\/\/www.alpintec.com\/\",\"logo\":{\"@type\":\"ImageObject\",\"inLanguage\":\"it-IT\",\"@id\":\"https:\/\/www.alpintec.com\/#\/schema\/logo\/image\/\",\"url\":\"https:\/\/www.alpintec.com\/wp-content\/uploads\/Alpintec-logo2.svg\",\"contentUrl\":\"https:\/\/www.alpintec.com\/wp-content\/uploads\/Alpintec-logo2.svg\",\"width\":335.43,\"height\":75.39,\"caption\":\"Alpintec\"},\"image\":{\"@id\":\"https:\/\/www.alpintec.com\/#\/schema\/logo\/image\/\"}}]}<\/script>\n<!-- \/ Yoast SEO plugin. -->","yoast_head_json":{"title":"Montaggio impianti a fune - Alpintec manutenzione impianti a fune","description":"La costruzione di un impianto a fune rappresenta una grande sfida \u2013 per il committente, per il costruttore nonch\u00e9 per la ditta responsabile del montaggio.","robots":{"index":"index","follow":"follow","max-snippet":"max-snippet:-1","max-image-preview":"max-image-preview:large","max-video-preview":"max-video-preview:-1"},"canonical":"https:\/\/www.alpintec.com\/it\/montaggio-impianti-a-fune\/","og_locale":"it_IT","og_type":"article","og_title":"Montaggio impianti a fune - Alpintec manutenzione impianti a fune","og_description":"La costruzione di un impianto a fune rappresenta una grande sfida \u2013 per il committente, per il costruttore nonch\u00e9 per la ditta responsabile del montaggio.","og_url":"https:\/\/www.alpintec.com\/it\/montaggio-impianti-a-fune\/","og_site_name":"Alpintec","article_modified_time":"2022-08-17T10:32:05+00:00","og_image":[{"url":"https:\/\/www.alpintec.com\/wp-content\/uploads\/alpintec-seilbahnen-wartung-funivie-manutenzione-montage1.jpeg"}],"twitter_card":"summary_large_image","twitter_misc":{"Tempo di lettura stimato":"2 minuti"},"schema":{"@context":"https:\/\/schema.org","@graph":[{"@type":"WebPage","@id":"https:\/\/www.alpintec.com\/it\/montaggio-impianti-a-fune\/","url":"https:\/\/www.alpintec.com\/it\/montaggio-impianti-a-fune\/","name":"Montaggio impianti a fune - Alpintec manutenzione impianti a fune","isPartOf":{"@id":"https:\/\/www.alpintec.com\/#website"},"primaryImageOfPage":{"@id":"https:\/\/www.alpintec.com\/it\/montaggio-impianti-a-fune\/#primaryimage"},"image":{"@id":"https:\/\/www.alpintec.com\/it\/montaggio-impianti-a-fune\/#primaryimage"},"thumbnailUrl":"https:\/\/www.alpintec.com\/wp-content\/uploads\/alpintec-seilbahnen-wartung-funivie-manutenzione-montage1.jpeg","datePublished":"2022-01-24T10:19:40+00:00","dateModified":"2022-08-17T10:32:05+00:00","description":"La costruzione di un impianto a fune rappresenta una grande sfida \u2013 per il committente, per il costruttore nonch\u00e9 per la ditta responsabile del montaggio.","breadcrumb":{"@id":"https:\/\/www.alpintec.com\/it\/montaggio-impianti-a-fune\/#breadcrumb"},"inLanguage":"it-IT","potentialAction":[{"@type":"ReadAction","target":["https:\/\/www.alpintec.com\/it\/montaggio-impianti-a-fune\/"]}]},{"@type":"ImageObject","inLanguage":"it-IT","@id":"https:\/\/www.alpintec.com\/it\/montaggio-impianti-a-fune\/#primaryimage","url":"https:\/\/www.alpintec.com\/wp-content\/uploads\/alpintec-seilbahnen-wartung-funivie-manutenzione-montage1.jpeg","contentUrl":"https:\/\/www.alpintec.com\/wp-content\/uploads\/alpintec-seilbahnen-wartung-funivie-manutenzione-montage1.jpeg"},{"@type":"BreadcrumbList","@id":"https:\/\/www.alpintec.com\/it\/montaggio-impianti-a-fune\/#breadcrumb","itemListElement":[{"@type":"ListItem","position":1,"name":"Startseite","item":"https:\/\/www.alpintec.com\/it\/"},{"@type":"ListItem","position":2,"name":"Montaggio impianti a fune"}]},{"@type":"WebSite","@id":"https:\/\/www.alpintec.com\/#website","url":"https:\/\/www.alpintec.com\/","name":"Alpintec","description":"Eine weitere WordPress-Website","publisher":{"@id":"https:\/\/www.alpintec.com\/#organization"},"potentialAction":[{"@type":"SearchAction","target":{"@type":"EntryPoint","urlTemplate":"https:\/\/www.alpintec.com\/?s={search_term_string}"},"query-input":"required name=search_term_string"}],"inLanguage":"it-IT"},{"@type":"Organization","@id":"https:\/\/www.alpintec.com\/#organization","name":"Alpintec","url":"https:\/\/www.alpintec.com\/","logo":{"@type":"ImageObject","inLanguage":"it-IT","@id":"https:\/\/www.alpintec.com\/#\/schema\/logo\/image\/","url":"https:\/\/www.alpintec.com\/wp-content\/uploads\/Alpintec-logo2.svg","contentUrl":"https:\/\/www.alpintec.com\/wp-content\/uploads\/Alpintec-logo2.svg","width":335.43,"height":75.39,"caption":"Alpintec"},"image":{"@id":"https:\/\/www.alpintec.com\/#\/schema\/logo\/image\/"}}]}},"_links":{"self":[{"href":"https:\/\/www.alpintec.com\/it\/wp-json\/wp\/v2\/pages\/1096"}],"collection":[{"href":"https:\/\/www.alpintec.com\/it\/wp-json\/wp\/v2\/pages"}],"about":[{"href":"https:\/\/www.alpintec.com\/it\/wp-json\/wp\/v2\/types\/page"}],"author":[{"embeddable":true,"href":"https:\/\/www.alpintec.com\/it\/wp-json\/wp\/v2\/users\/1"}],"replies":[{"embeddable":true,"href":"https:\/\/www.alpintec.com\/it\/wp-json\/wp\/v2\/comments?post=1096"}],"version-history":[{"count":1,"href":"https:\/\/www.alpintec.com\/it\/wp-json\/wp\/v2\/pages\/1096\/revisions"}],"predecessor-version":[{"id":1405,"href":"https:\/\/www.alpintec.com\/it\/wp-json\/wp\/v2\/pages\/1096\/revisions\/1405"}],"wp:attachment":[{"href":"https:\/\/www.alpintec.com\/it\/wp-json\/wp\/v2\/media?parent=1096"}],"curies":[{"name":"wp","href":"https:\/\/api.w.org\/{rel}","templated":true}]}}